{"id":3120,"date":"2018-09-16T16:35:15","date_gmt":"2018-09-16T14:35:15","guid":{"rendered":"http:\/\/www.piotrp.com.pl\/example.com\/?page_id=3120"},"modified":"2018-10-04T09:35:19","modified_gmt":"2018-10-04T07:35:19","slug":"galerie","status":"publish","type":"page","link":"https:\/\/www.piotrp.com.pl\/example.com\/galerie\/","title":{"rendered":"Galerie"},"content":{"rendered":"<h2 style=\"text-align: center;\"><span style=\"color: #008000;\"><strong>W\u0119dr\u00f3wki po Beskidzie Niskim &#8211; dzie\u0144 pierwszy<\/strong><\/span><\/h2>\n<p>&nbsp;<\/p>\n<p><a href=\"http:\/\/www.piotrp.com.pl\/example.com\/gory\/beskidy\/wedrowki-po-beskidzie-niskim-dzien-pierwszy\/\"><img loading=\"lazy\" decoding=\"async\" class=\"aligncenter size-full wp-image-2982\" src=\"http:\/\/www.piotrp45pl.sisco.pl\/example.com\/wp-content\/uploads\/2018\/09\/9P9034312.jpg\" alt=\"\" width=\"1024\" height=\"217\" srcset=\"https:\/\/www.piotrp.com.pl\/example.com\/wp-content\/uploads\/2018\/09\/9P9034312.jpg 1024w, https:\/\/www.piotrp.com.pl\/example.com\/wp-content\/uploads\/2018\/09\/9P9034312-300x64.jpg 300w, https:\/\/www.piotrp.com.pl\/example.com\/wp-content\/uploads\/2018\/09\/9P9034312-768x163.jpg 768w\" sizes=\"auto, (max-width: 1024px) 100vw, 1024px\" \/><\/a><\/p>\n<p>&nbsp;<\/p>\n<h2 style=\"text-align: center;\"><strong><span style=\"color: #008000;\">W\u0119dr\u00f3wki po Beskidzie Niskim &#8211; dzie\u0144 drugi<\/span><\/strong><\/h2>\n<p><a href=\"http:\/\/www.piotrp.com.pl\/example.com\/wedrowki-po-beskidzie-niskim-dzien-drugi\/\"><img loading=\"lazy\" decoding=\"async\" class=\"aligncenter size-full wp-image-3065\" src=\"http:\/\/www.piotrp45pl.sisco.pl\/example.com\/wp-content\/uploads\/2018\/09\/91P9044597.jpg\" alt=\"\" width=\"1024\" height=\"265\" srcset=\"https:\/\/www.piotrp.com.pl\/example.com\/wp-content\/uploads\/2018\/09\/91P9044597.jpg 1024w, https:\/\/www.piotrp.com.pl\/example.com\/wp-content\/uploads\/2018\/09\/91P9044597-300x78.jpg 300w, https:\/\/www.piotrp.com.pl\/example.com\/wp-content\/uploads\/2018\/09\/91P9044597-768x199.jpg 768w\" sizes=\"auto, (max-width: 1024px) 100vw, 1024px\" \/><\/a><\/p>\n<p>&nbsp;<\/p>\n<h2 style=\"text-align: center;\"><strong><span style=\"color: #008000;\">W\u0119dr\u00f3wki po Beskidzie Niskim &#8211; dzie\u0144 trzeci<\/span><\/strong><\/h2>\n<p><a href=\"http:\/\/www.piotrp.com.pl\/example.com\/gory\/beskidy\/wedrowki-po-beskidzie-niskim-dzien-trzeci-galeria\/\"><img loading=\"lazy\" decoding=\"async\" class=\"aligncenter size-full wp-image-3219\" src=\"http:\/\/www.piotrp45pl.sisco.pl\/example.com\/wp-content\/uploads\/2018\/09\/92P9054935_2.jpg\" alt=\"\" width=\"1024\" height=\"221\" srcset=\"https:\/\/www.piotrp.com.pl\/example.com\/wp-content\/uploads\/2018\/09\/92P9054935_2.jpg 1024w, https:\/\/www.piotrp.com.pl\/example.com\/wp-content\/uploads\/2018\/09\/92P9054935_2-300x65.jpg 300w, https:\/\/www.piotrp.com.pl\/example.com\/wp-content\/uploads\/2018\/09\/92P9054935_2-768x166.jpg 768w\" sizes=\"auto, (max-width: 1024px) 100vw, 1024px\" \/><\/a><\/p>\n<p>&nbsp;<\/p>\n<h2 style=\"text-align: center;\"><strong><span style=\"color: #008000;\">W\u0119dr\u00f3wki po Beskidzie Niskim &#8211; dzie\u0144 czwarty<\/span><\/strong><\/h2>\n<p><a href=\"http:\/\/www.piotrp.com.pl\/example.com\/rl_gallery\/wedrowki-po-beskidzie-niskim-dzien-czwarty\/\"><img loading=\"lazy\" decoding=\"async\" class=\"aligncenter size-full wp-image-3295\" src=\"http:\/\/www.piotrp45pl.sisco.pl\/example.com\/wp-content\/uploads\/2018\/09\/93P9065194.jpg\" alt=\"\" width=\"1024\" height=\"210\" srcset=\"https:\/\/www.piotrp.com.pl\/example.com\/wp-content\/uploads\/2018\/09\/93P9065194.jpg 1024w, https:\/\/www.piotrp.com.pl\/example.com\/wp-content\/uploads\/2018\/09\/93P9065194-300x62.jpg 300w, https:\/\/www.piotrp.com.pl\/example.com\/wp-content\/uploads\/2018\/09\/93P9065194-768x158.jpg 768w\" sizes=\"auto, (max-width: 1024px) 100vw, 1024px\" \/><\/a><\/p>\n<p>&nbsp;<\/p>\n<h2 style=\"text-align: center;\"><strong><span style=\"color: #008000;\">W\u0119dr\u00f3wki po Beskidzie Niskim &#8211; dzie\u0144 pi\u0105ty<\/span><\/strong><\/h2>\n<p><a href=\"http:\/\/www.piotrp.com.pl\/example.com\/gory\/beskidy\/wedrowki-po-beskidzie-niskim-dzien-piaty-galeria\/\"><img loading=\"lazy\" decoding=\"async\" class=\"aligncenter size-full wp-image-3334\" src=\"http:\/\/www.piotrp45pl.sisco.pl\/example.com\/wp-content\/uploads\/2018\/09\/94P9075436.jpg\" alt=\"\" width=\"1024\" height=\"160\" srcset=\"https:\/\/www.piotrp.com.pl\/example.com\/wp-content\/uploads\/2018\/09\/94P9075436.jpg 1024w, https:\/\/www.piotrp.com.pl\/example.com\/wp-content\/uploads\/2018\/09\/94P9075436-300x47.jpg 300w, https:\/\/www.piotrp.com.pl\/example.com\/wp-content\/uploads\/2018\/09\/94P9075436-768x120.jpg 768w\" sizes=\"auto, (max-width: 1024px) 100vw, 1024px\" \/><\/a><\/p>\n<p>&nbsp;<\/p>\n<h2 style=\"text-align: center;\"><strong><span style=\"color: #008000;\">W\u0119dr\u00f3wki po Beskidzie Niskim &#8211; dzie\u0144 sz\u00f3sty<\/span><\/strong><\/h2>\n<p><a href=\"http:\/\/www.piotrp.com.pl\/example.com\/gory\/beskidy\/wedrowki-po-beskidzie-niskim-dzien-szosty-galeria\/\"><img loading=\"lazy\" decoding=\"async\" class=\"aligncenter size-full wp-image-3377\" src=\"http:\/\/www.piotrp45pl.sisco.pl\/example.com\/wp-content\/uploads\/2018\/09\/95P9085530.jpg\" alt=\"\" width=\"1024\" height=\"305\" srcset=\"https:\/\/www.piotrp.com.pl\/example.com\/wp-content\/uploads\/2018\/09\/95P9085530.jpg 1024w, https:\/\/www.piotrp.com.pl\/example.com\/wp-content\/uploads\/2018\/09\/95P9085530-300x89.jpg 300w, https:\/\/www.piotrp.com.pl\/example.com\/wp-content\/uploads\/2018\/09\/95P9085530-768x229.jpg 768w\" sizes=\"auto, (max-width: 1024px) 100vw, 1024px\" \/><\/a><\/p>\n<p>&nbsp;<\/p>\n<h2 style=\"text-align: center;\"><strong><span style=\"color: #008000;\">Pieniny Spiskie<\/span><\/strong><\/h2>\n<p><a href=\"http:\/\/www.piotrp.com.pl\/example.com\/gory\/pieniny\/pieniny-spiskie\/\"><img loading=\"lazy\" decoding=\"async\" class=\"aligncenter size-full wp-image-3444\" src=\"http:\/\/www.piotrp45pl.sisco.pl\/example.com\/wp-content\/uploads\/2018\/10\/96P9095810.jpg\" alt=\"\" width=\"1024\" height=\"243\" srcset=\"https:\/\/www.piotrp.com.pl\/example.com\/wp-content\/uploads\/2018\/10\/96P9095810.jpg 1024w, https:\/\/www.piotrp.com.pl\/example.com\/wp-content\/uploads\/2018\/10\/96P9095810-300x71.jpg 300w, https:\/\/www.piotrp.com.pl\/example.com\/wp-content\/uploads\/2018\/10\/96P9095810-768x182.jpg 768w\" sizes=\"auto, (max-width: 1024px) 100vw, 1024px\" \/><\/a><\/p>\n<p>&nbsp;<\/p>\n","protected":false},"excerpt":{"rendered":"<p>W\u0119dr\u00f3wki po Beskidzie Niskim &#8211; dzie\u0144 pierwszy &nbsp; &nbsp; W\u0119dr\u00f3wki po Beskidzie Niskim &#8211; dzie\u0144 drugi &nbsp; W\u0119dr\u00f3wki po Beskidzie Niskim &#8211; dzie\u0144 trzeci &nbsp; W\u0119dr\u00f3wki po Beskidzie Niskim &#8211; dzie\u0144 czwarty &nbsp; W\u0119dr\u00f3wki po Beskidzie Niskim &#8211; dzie\u0144 pi\u0105ty &nbsp; W\u0119dr\u00f3wki po Beskidzie Niskim &#8211; dzie\u0144 sz\u00f3sty &nbsp; Pieniny Spiskie &nbsp;<\/p>\n","protected":false},"author":1,"featured_media":0,"parent":0,"menu_order":0,"comment_status":"closed","ping_status":"closed","template":"","meta":{"footnotes":""},"class_list":["post-3120","page","type-page","status-publish","czr-hentry"],"_links":{"self":[{"href":"https:\/\/www.piotrp.com.pl\/example.com\/wp-json\/wp\/v2\/pages\/3120","targetHints":{"allow":["GET"]}}],"collection":[{"href":"https:\/\/www.piotrp.com.pl\/example.com\/wp-json\/wp\/v2\/pages"}],"about":[{"href":"https:\/\/www.piotrp.com.pl\/example.com\/wp-json\/wp\/v2\/types\/page"}],"author":[{"embeddable":true,"href":"https:\/\/www.piotrp.com.pl\/example.com\/wp-json\/wp\/v2\/users\/1"}],"replies":[{"embeddable":true,"href":"https:\/\/www.piotrp.com.pl\/example.com\/wp-json\/wp\/v2\/comments?post=3120"}],"version-history":[{"count":9,"href":"https:\/\/www.piotrp.com.pl\/example.com\/wp-json\/wp\/v2\/pages\/3120\/revisions"}],"predecessor-version":[{"id":3508,"href":"https:\/\/www.piotrp.com.pl\/example.com\/wp-json\/wp\/v2\/pages\/3120\/revisions\/3508"}],"wp:attachment":[{"href":"https:\/\/www.piotrp.com.pl\/example.com\/wp-json\/wp\/v2\/media?parent=3120"}],"curies":[{"name":"wp","href":"https:\/\/api.w.org\/{rel}","templated":true}]}}